{"id":89,"date":"2014-01-06T13:14:31","date_gmt":"2014-01-06T12:14:31","guid":{"rendered":"http:\/\/www.comiteactionpalestine.org\/word\/?page_id=89"},"modified":"2014-05-08T21:08:26","modified_gmt":"2014-05-08T20:08:26","slug":"presentation","status":"publish","type":"page","link":"https:\/\/www.comiteactionpalestine.org\/word\/bienvenue-sur-le-site-du-cap\/presentation\/","title":{"rendered":"Pr\u00e9sentation"},"content":{"rendered":"<div class=\"pdfprnt-buttons pdfprnt-buttons-page pdfprnt-top-right\"><a href=\"https:\/\/www.comiteactionpalestine.org\/word\/wp-json\/wp\/v2\/pages\/89?print=pdf\" class=\"pdfprnt-button pdfprnt-button-pdf\" target=\"_blank\"><img decoding=\"async\" src=\"http:\/\/www.comiteactionpalestine.org\/word\/wp-content\/plugins\/pdf-print\/images\/pdf.png\" alt=\"image_pdf\" title=\"Afficher le PDF\" \/><\/a><a href=\"https:\/\/www.comiteactionpalestine.org\/word\/wp-json\/wp\/v2\/pages\/89?print=print\" class=\"pdfprnt-button pdfprnt-button-print\" target=\"_blank\"><img decoding=\"async\" src=\"http:\/\/www.comiteactionpalestine.org\/word\/wp-content\/plugins\/pdf-print\/images\/print.png\" alt=\"image_print\" title=\"Contenu imprim\u00e9\" \/><\/a><\/div><p align=\"justify\"><a href=\"http:\/\/www.comiteactionpalestine.org\/word\/wp-content\/uploads\/2014\/04\/img491deff9cf381.jpg\"><img decoding=\"async\" class=\"alignright size-full wp-image-1036\" src=\"http:\/\/www.comiteactionpalestine.org\/word\/wp-content\/uploads\/2014\/04\/img491deff9cf381.jpg\" alt=\"img491deff9cf381\" width=\"151\" height=\"107\" srcset=\"https:\/\/www.comiteactionpalestine.org\/word\/wp-content\/uploads\/2014\/04\/img491deff9cf381.jpg 151w, https:\/\/www.comiteactionpalestine.org\/word\/wp-content\/uploads\/2014\/04\/img491deff9cf381-150x107.jpg 150w\" sizes=\"(max-width: 151px) 100vw, 151px\" \/><\/a>Le COMIT\u00c9 ACTION PALESTINE est une association qui \u0153uvre pour la r\u00e9alisation des droits nationaux du peuple palestinien et en particulier le\u00a0<strong>droit \u00e0 l&rsquo;autod\u00e9termination<\/strong>\u00a0et le droit\u00a0<strong>au retour des r\u00e9fugi\u00e9s<\/strong>\u00a0, c&rsquo;est \u00e0 dire la lib\u00e9ration de la terre arabe de Palestine.<\/p>\n<p align=\"justify\">Le CAP d\u00e9nonce le sionisme en tant que mouvement colonialiste et raciste.<\/p>\n<p align=\"justify\">Le site fait partie int\u00e9grante de notre combat id\u00e9ologique pour la cause palestinienne. Vous trouverez donc dans\u00a0nos dossiers\u00a0nos analyses ainsi qu&rsquo;une s\u00e9lection des meilleurs articles de fond ou d&rsquo;actualit\u00e9.<\/p>\n<p align=\"justify\">Parce que la propagande sioniste est plus forte que jamais, il est aujourd&rsquo;hui, plus que jamais, urgent de\u00a0<strong>r\u00e9tablir la v\u00e9rit\u00e9<\/strong>\u00a0.\u00a0\u00bb<\/p>\n","protected":false},"excerpt":{"rendered":"<p>Le COMIT\u00c9 ACTION PALESTINE est une association qui \u0153uvre pour la r\u00e9alisation des droits nationaux du peuple palestinien et en particulier le\u00a0droit \u00e0 l&rsquo;autod\u00e9termination\u00a0et le droit\u00a0au retour des r\u00e9fugi\u00e9s\u00a0, c&rsquo;est \u00e0 dire la lib\u00e9ration de la terre arabe de Palestine. Le CAP d\u00e9nonce le sionisme en tant que mouvement colonialiste et raciste. Le site fait [&hellip;]<\/p>\n","protected":false},"author":1,"featured_media":0,"parent":36,"menu_order":0,"comment_status":"closed","ping_status":"closed","template":"","meta":{"footnotes":""},"class_list":["post-89","page","type-page","status-publish","hentry"],"_links":{"self":[{"href":"https:\/\/www.comiteactionpalestine.org\/word\/wp-json\/wp\/v2\/pages\/89","targetHints":{"allow":["GET"]}}],"collection":[{"href":"https:\/\/www.comiteactionpalestine.org\/word\/wp-json\/wp\/v2\/pages"}],"about":[{"href":"https:\/\/www.comiteactionpalestine.org\/word\/wp-json\/wp\/v2\/types\/page"}],"author":[{"embeddable":true,"href":"https:\/\/www.comiteactionpalestine.org\/word\/wp-json\/wp\/v2\/users\/1"}],"replies":[{"embeddable":true,"href":"https:\/\/www.comiteactionpalestine.org\/word\/wp-json\/wp\/v2\/comments?post=89"}],"version-history":[{"count":2,"href":"https:\/\/www.comiteactionpalestine.org\/word\/wp-json\/wp\/v2\/pages\/89\/revisions"}],"predecessor-version":[{"id":2035,"href":"https:\/\/www.comiteactionpalestine.org\/word\/wp-json\/wp\/v2\/pages\/89\/revisions\/2035"}],"up":[{"embeddable":true,"href":"https:\/\/www.comiteactionpalestine.org\/word\/wp-json\/wp\/v2\/pages\/36"}],"wp:attachment":[{"href":"https:\/\/www.comiteactionpalestine.org\/word\/wp-json\/wp\/v2\/media?parent=89"}],"curies":[{"name":"wp","href":"https:\/\/api.w.org\/{rel}","templated":true}]}}