{"id":497,"date":"2014-03-14T08:40:45","date_gmt":"2014-03-14T07:40:45","guid":{"rendered":"http:\/\/www.comiteactionpalestine.org\/word\/?page_id=497"},"modified":"2014-03-14T09:07:43","modified_gmt":"2014-03-14T08:07:43","slug":"charte-du-cap","status":"publish","type":"page","link":"https:\/\/www.comiteactionpalestine.org\/word\/bienvenue-sur-le-site-du-cap\/charte-du-cap\/","title":{"rendered":"Charte du Comit\u00e9 Action Palestine"},"content":{"rendered":"<div class=\"pdfprnt-buttons pdfprnt-buttons-page pdfprnt-top-right\"><a href=\"https:\/\/www.comiteactionpalestine.org\/word\/wp-json\/wp\/v2\/pages\/497?print=pdf\" class=\"pdfprnt-button pdfprnt-button-pdf\" target=\"_blank\"><img decoding=\"async\" src=\"http:\/\/www.comiteactionpalestine.org\/word\/wp-content\/plugins\/pdf-print\/images\/pdf.png\" alt=\"image_pdf\" title=\"Afficher le PDF\" \/><\/a><a href=\"https:\/\/www.comiteactionpalestine.org\/word\/wp-json\/wp\/v2\/pages\/497?print=print\" class=\"pdfprnt-button pdfprnt-button-print\" target=\"_blank\"><img decoding=\"async\" src=\"http:\/\/www.comiteactionpalestine.org\/word\/wp-content\/plugins\/pdf-print\/images\/print.png\" alt=\"image_print\" title=\"Contenu imprim\u00e9\" \/><\/a><\/div><p style=\"text-align: justify;\"><strong>Pr\u00e9ambule<\/strong><\/p>\n<p style=\"text-align: justify;\">Contrairement \u00e0 ce qu\u2019elle pr\u00e9tend \u00eatre, la domination occidentale signifie la r\u00e9gression \u00e9conomique, sociale et politique la plus totale pour les peuples du Sud. L\u2019imp\u00e9rialisme et le colonialisme qu\u2019il s\u00e9cr\u00e8te dans diff\u00e9rentes r\u00e9gions du monde ne sont rien d\u2019autre pour les peuples domin\u00e9s qu\u2019asservissement, oppression, massacre, racisme, mis\u00e8re et injustice. La r\u00e9sistance des peuples domin\u00e9s, son \u00e9mergence, sa structuration et son renforcement, sont le r\u00e9sultat mais aussi la n\u00e9gation la plus radicale de cette logique de r\u00e9pression et de destruction propre \u00e0 l\u2019h\u00e9g\u00e9monie occidentale.<\/p>\n<p style=\"text-align: justify;\">L\u2019histoire de la Palestine de la fin du 19i\u00e8me si\u00e8cle jusqu\u2019\u00e0 aujourd\u2019hui concentre l\u2019essentiel des rapports de domination de types imp\u00e9rialiste et colonialiste. La colonisation juive, c\u2019est-\u00e0-dire l\u2019\u00e9puration ethnique, a \u00e9t\u00e9 rendue possible \u00e0 ses d\u00e9buts par des puissances coloniales (Angleterre, France) et b\u00e9n\u00e9ficie aujourd\u2019hui du soutien de l\u2019ensemble du monde occidental (Etats-Unis et Europe). Des points de vue historique et g\u00e9opolitique, la cause palestinienne est centrale. Au niveau historique, l\u2019enjeu est dor\u00e9navant d\u2019acc\u00e9l\u00e9rer le d\u00e9p\u00e9rissement de la domination imp\u00e9rialiste occidentale apr\u00e8s sa violente remise en cause au cours de la phase de d\u00e9colonisation des ann\u00e9es 50 et 60. Au niveau g\u00e9opolitique, l\u2019enjeu est de lib\u00e9rer un territoire de la colonisation juive qui permet de contr\u00f4ler toute la r\u00e9gion du Moyen-Orient.<\/p>\n<p style=\"text-align: justify;\">Si la Palestine reste le champ de lutte fondamental contre le colonialisme juif, il n\u2019en reste pas moins qu\u2019en Occident le soutien \u00e0 la cause palestinienne r\u00e9side dans une grande mesure dans le combat politique et id\u00e9ologique contre le sionisme implant\u00e9 au c\u0153ur m\u00eame des Etats occidentaux. En France en particulier, tout militantisme antisioniste authentique se doit de d\u00e9noncer non seulement le colonialisme juif en Palestine mais aussi toute organisation ou institution qui travaille ici au service de la domination sioniste.<\/p>\n<p style=\"text-align: justify;\"><strong>C\u2019est pourquoi le\u00a0COMIT\u00c9\u00a0ACTION PALESTINE, association r\u00e9gie par la Loi du 1er juillet 1901, \u0153uvre pour la\u00a0r\u00e9alisation des droits nationaux du peuple palestinien, c\u2019est-\u00e0-dire la lib\u00e9ration de la terre arabe de Palestine.<\/strong><\/p>\n<p style=\"text-align: justify;\"><strong>1 &#8211; Les principes du soutien \u00e0 la cause palestinienne<\/strong><\/p>\n<p style=\"padding-left: 60px; text-align: justify;\">* La condamnation du sionisme comme mouvement politique colonialiste et raciste.<\/p>\n<p style=\"padding-left: 60px; text-align: justify;\">* Le soutien inconditionnel \u00e0 la r\u00e9sistance du peuple palestinien et \u00e0 son combat pour son autod\u00e9termination et son ind\u00e9pendance nationale.<\/p>\n<p style=\"padding-left: 60px; text-align: justify;\">* La reconnaissance du droit inali\u00e9nable au retour de tous les r\u00e9fugi\u00e9s chez eux.<\/p>\n<p style=\"padding-left: 60px; text-align: justify;\">* La lib\u00e9ration de tous les r\u00e9sistants emprisonn\u00e9s.<\/p>\n<p style=\"text-align: justify;\"><strong>2 &#8211; Le soutien inconditionnel \u00e0 la r\u00e9sistance du peuple palestinien<\/strong><\/p>\n<p style=\"text-align: justify;\">L\u2019histoire des luttes anticoloniales enseigne que les peuples sont capables de d\u00e9finir les voies qui conduisent \u00e0 leur lib\u00e9ration. Sur le terrain de la lutte contre le colonialisme sioniste, seul le peuple palestinien est \u00e0 m\u00eame de d\u00e9finir ou d\u2019inventer les formes de lutte les plus appropri\u00e9es pour r\u00e9aliser son droit \u00e0 l\u2019autod\u00e9termination et \u00e0 l\u2019ind\u00e9pendance nationale.<\/p>\n<p style=\"text-align: justify;\">Il d\u00e9coule de cette analyse que le Comit\u00e9 Action Palestine s\u2019engage :<\/p>\n<p style=\"padding-left: 60px; text-align: justify;\">* \u00e0 ne pas se prononcer en faveur de telle ou telle forme de lutte ; le Comit\u00e9 Action Palestine soutient la r\u00e9sistance du peuple palestinien, quelle qu\u2019elle soit.<\/p>\n<p style=\"padding-left: 60px; text-align: justify;\">* \u00e0 respecter les choix du peuple palestinien concernant les dirigeants ou les organisations dont il se dote pour mener \u00e0 bien sa lutte.<\/p>\n<p style=\"text-align: justify;\">Il s\u2019agit tout simplement de reconna\u00eetre la souverainet\u00e9 du peuple palestinien.<\/p>\n<p style=\"text-align: justify;\">Tout autre type de position \u00e9quivaudrait \u00e0 un n\u00e9ocolonialisme.<\/p>\n<p style=\"text-align: justify;\"><strong>3 &#8211; Les principes de fonctionnement du Comit\u00e9 Action Palestine<\/strong><\/p>\n<p style=\"text-align: justify;\">3-1. Ind\u00e9pendance<\/p>\n<p style=\"text-align: justify;\">Le Comit\u00e9 Action Palestine se d\u00e9finit par sa stricte ind\u00e9pendance \u00e0 l\u2019\u00e9gard des associations, des partis politiques ou des institutions \u00e9tatiques ou religieuses. Aucune relation avec ces associations, partis ou institutions ne doit remettre en cause les principes fondamentaux de la Charte.<\/p>\n<p style=\"text-align: justify;\">3-2. D\u00e9mocratie<\/p>\n<p style=\"text-align: justify;\">Le caract\u00e8re d\u00e9mocratique du Comit\u00e9 se traduit concr\u00e8tement par son pluralisme : le Comit\u00e9 Action Palestine est ouvert \u00e0 toute personne, quelles que soient ses appartenances, ses convictions ou ses sensibilit\u00e9s.<\/p>\n<p style=\"text-align: justify;\">Toutefois, le Comit\u00e9 Action Palestine tient \u00e0 affirmer :<\/p>\n<p style=\"padding-left: 60px; text-align: justify;\">* qu\u2019elles ne doivent en aucun cas prendre le pas sur les principes \u00e9nonc\u00e9s dans la Charte,<\/p>\n<p style=\"padding-left: 60px; text-align: justify;\">* qu\u2019il n\u2019admet pas en son sein l\u2019affirmation de convictions \u00e0 caract\u00e8re raciste.<\/p>\n<p style=\"text-align: justify;\">Le Comit\u00e9 Action Palestine rappelle que les principes \u00e9nonc\u00e9s dans cette Charte ne sont pas n\u00e9gociables.<\/p>\n<p style=\"text-align: center;\">Pour nous contacter :<\/p>\n<p style=\"text-align: center;\"><strong><span style=\"color: #ff0000;\">COMIT\u00c9<\/span>\u00a0ACTION <span style=\"color: #008000;\">PALESTINE<\/span><\/strong><\/p>\n<p style=\"text-align: center;\">BP 30053<\/p>\n<p style=\"text-align: center;\">33015 BORDEAUX<\/p>\n<p style=\"text-align: center;\"><strong><span style=\"color: #3366ff;\">06 74 60 02 36<\/span><\/strong><\/p>\n<p style=\"text-align: center;\"><strong><span style=\"color: #3366ff;\"><a href=\"mailto:actionpalestine@hotmail.com\"><span style=\"color: #3366ff;\">actionpalestine@hotmail.com<\/span><\/a><\/span><\/strong><\/p>\n<p style=\"text-align: center;\"><strong><span style=\"color: #3366ff;\"><a href=\"http:\/\/www.comiteactionpalestine.org\"><span style=\"color: #3366ff;\">www.comiteactionpalestine.org<\/span><\/a><\/span><\/strong><\/p>\n<p style=\"text-align: center;\">facebook : capfalestine<\/p>\n<p style=\"text-align: center;\"><strong><span style=\"color: #3366ff;\"><a title=\"Nous contacter\" href=\"http:\/\/www.comiteactionpalestine.org\/word\/?page_id=27\"><span style=\"color: #3366ff;\">Rubrique Contact<\/span><\/a><\/span><\/strong><\/p>\n","protected":false},"excerpt":{"rendered":"<p>Pr\u00e9ambule Contrairement \u00e0 ce qu\u2019elle pr\u00e9tend \u00eatre, la domination occidentale signifie la r\u00e9gression \u00e9conomique, sociale et politique la plus totale pour les peuples du Sud. L\u2019imp\u00e9rialisme et le colonialisme qu\u2019il s\u00e9cr\u00e8te dans diff\u00e9rentes r\u00e9gions du monde ne sont rien d\u2019autre pour les peuples domin\u00e9s qu\u2019asservissement, oppression, massacre, racisme, mis\u00e8re et injustice. La r\u00e9sistance des peuples [&hellip;]<\/p>\n","protected":false},"author":1,"featured_media":0,"parent":36,"menu_order":0,"comment_status":"closed","ping_status":"closed","template":"","meta":{"footnotes":""},"class_list":["post-497","page","type-page","status-publish","hentry"],"_links":{"self":[{"href":"https:\/\/www.comiteactionpalestine.org\/word\/wp-json\/wp\/v2\/pages\/497","targetHints":{"allow":["GET"]}}],"collection":[{"href":"https:\/\/www.comiteactionpalestine.org\/word\/wp-json\/wp\/v2\/pages"}],"about":[{"href":"https:\/\/www.comiteactionpalestine.org\/word\/wp-json\/wp\/v2\/types\/page"}],"author":[{"embeddable":true,"href":"https:\/\/www.comiteactionpalestine.org\/word\/wp-json\/wp\/v2\/users\/1"}],"replies":[{"embeddable":true,"href":"https:\/\/www.comiteactionpalestine.org\/word\/wp-json\/wp\/v2\/comments?post=497"}],"version-history":[{"count":9,"href":"https:\/\/www.comiteactionpalestine.org\/word\/wp-json\/wp\/v2\/pages\/497\/revisions"}],"predecessor-version":[{"id":507,"href":"https:\/\/www.comiteactionpalestine.org\/word\/wp-json\/wp\/v2\/pages\/497\/revisions\/507"}],"up":[{"embeddable":true,"href":"https:\/\/www.comiteactionpalestine.org\/word\/wp-json\/wp\/v2\/pages\/36"}],"wp:attachment":[{"href":"https:\/\/www.comiteactionpalestine.org\/word\/wp-json\/wp\/v2\/media?parent=497"}],"curies":[{"name":"wp","href":"https:\/\/api.w.org\/{rel}","templated":true}]}}