{"id":11,"date":"2013-09-24T09:38:58","date_gmt":"2013-09-24T08:38:58","guid":{"rendered":"http:\/\/www.comiteactionpalestine.org\/word\/?page_id=11"},"modified":"2014-07-15T10:03:49","modified_gmt":"2014-07-15T09:03:49","slug":"pour-nous-soutenir","status":"publish","type":"page","link":"https:\/\/www.comiteactionpalestine.org\/word\/bienvenue-sur-le-site-du-cap\/pour-nous-soutenir\/","title":{"rendered":"Pour nous soutenir"},"content":{"rendered":"<div class=\"pdfprnt-buttons pdfprnt-buttons-page pdfprnt-top-right\"><a href=\"https:\/\/www.comiteactionpalestine.org\/word\/wp-json\/wp\/v2\/pages\/11?print=pdf\" class=\"pdfprnt-button pdfprnt-button-pdf\" target=\"_blank\"><img decoding=\"async\" src=\"http:\/\/www.comiteactionpalestine.org\/word\/wp-content\/plugins\/pdf-print\/images\/pdf.png\" alt=\"image_pdf\" title=\"Afficher le PDF\" \/><\/a><a href=\"https:\/\/www.comiteactionpalestine.org\/word\/wp-json\/wp\/v2\/pages\/11?print=print\" class=\"pdfprnt-button pdfprnt-button-print\" target=\"_blank\"><img decoding=\"async\" src=\"http:\/\/www.comiteactionpalestine.org\/word\/wp-content\/plugins\/pdf-print\/images\/print.png\" alt=\"image_print\" title=\"Contenu imprim\u00e9\" \/><\/a><\/div><p>Il y a de nombreuses mani\u00e8res de nous soutenir dans notre combat pour la justice en Palestine.<\/p>\n<p>Vous pouvez nous soutenir\u00a0<strong>id\u00e9ologiquement<\/strong>\u00a0: n&rsquo;h\u00e9sitez pas \u00e0 nous signaler des articles int\u00e9ressants ou m\u00eame \u00e0 proposer vos propres articles. Proposez vos liens &#8230; Nous nous r\u00e9servons le droit bien s\u00fbr de choisir librement les contributions ou les liens que vous nous proposerez.<\/p>\n<p align=\"justify\">Vous pouvez aussi nous soutenir\u00a0<strong>financi\u00e8rement<\/strong>\u00a0. Le CAP est une association qui ne re\u00e7oit pas de financement public. Nous fonctionnons donc gr\u00e2ce \u00e0 la g\u00e9n\u00e9rosit\u00e9 des personnes touch\u00e9es par notre combat. Vous pouvez bien s\u00fbr faire un\u00a0<strong>don<\/strong>\u00a0ou encore acheter notre\u00a0<a title=\"Calendrier 2014 Palestine Libre\" href=\"http:\/\/www.comiteactionpalestine.org\/word\/calendrier-2014-palestine-libre\/\">calendrier \u00ab\u00a0Palestine Libre\u00a0\u00bb<\/a>\u00a0.<\/p>\n<p align=\"justify\">Enfin, vous pouvez\u00a0<strong>nous rejoindre<\/strong>\u00a0pour prendre part \u00e0 la lutte au quotidien. Nous vous invitons dans ce cas \u00e0 prendre contact avec nous.<\/p>\n","protected":false},"excerpt":{"rendered":"<p>Il y a de nombreuses mani\u00e8res de nous soutenir dans notre combat pour la justice en Palestine. Vous pouvez nous soutenir\u00a0id\u00e9ologiquement\u00a0: n&rsquo;h\u00e9sitez pas \u00e0 nous signaler des articles int\u00e9ressants ou m\u00eame \u00e0 proposer vos propres articles. Proposez vos liens &#8230; Nous nous r\u00e9servons le droit bien s\u00fbr de choisir librement les contributions ou les liens [&hellip;]<\/p>\n","protected":false},"author":1,"featured_media":0,"parent":36,"menu_order":0,"comment_status":"closed","ping_status":"closed","template":"","meta":{"footnotes":""},"class_list":["post-11","page","type-page","status-publish","hentry"],"_links":{"self":[{"href":"https:\/\/www.comiteactionpalestine.org\/word\/wp-json\/wp\/v2\/pages\/11","targetHints":{"allow":["GET"]}}],"collection":[{"href":"https:\/\/www.comiteactionpalestine.org\/word\/wp-json\/wp\/v2\/pages"}],"about":[{"href":"https:\/\/www.comiteactionpalestine.org\/word\/wp-json\/wp\/v2\/types\/page"}],"author":[{"embeddable":true,"href":"https:\/\/www.comiteactionpalestine.org\/word\/wp-json\/wp\/v2\/users\/1"}],"replies":[{"embeddable":true,"href":"https:\/\/www.comiteactionpalestine.org\/word\/wp-json\/wp\/v2\/comments?post=11"}],"version-history":[{"count":3,"href":"https:\/\/www.comiteactionpalestine.org\/word\/wp-json\/wp\/v2\/pages\/11\/revisions"}],"predecessor-version":[{"id":2111,"href":"https:\/\/www.comiteactionpalestine.org\/word\/wp-json\/wp\/v2\/pages\/11\/revisions\/2111"}],"up":[{"embeddable":true,"href":"https:\/\/www.comiteactionpalestine.org\/word\/wp-json\/wp\/v2\/pages\/36"}],"wp:attachment":[{"href":"https:\/\/www.comiteactionpalestine.org\/word\/wp-json\/wp\/v2\/media?parent=11"}],"curies":[{"name":"wp","href":"https:\/\/api.w.org\/{rel}","templated":true}]}}