{"id":27,"date":"2013-09-24T15:01:50","date_gmt":"2013-09-24T14:01:50","guid":{"rendered":"http:\/\/www.comiteactionpalestine.org\/word\/?page_id=27"},"modified":"2023-10-25T11:55:39","modified_gmt":"2023-10-25T10:55:39","slug":"nous-contacter","status":"publish","type":"page","link":"http:\/\/www.comiteactionpalestine.org\/word\/bienvenue-sur-le-site-du-cap\/nous-contacter\/","title":{"rendered":"Nous contacter"},"content":{"rendered":"<div class=\"pdfprnt-buttons pdfprnt-buttons-page pdfprnt-top-right\"><a href=\"http:\/\/www.comiteactionpalestine.org\/word\/wp-json\/wp\/v2\/pages\/27?print=pdf\" class=\"pdfprnt-button pdfprnt-button-pdf\" target=\"_blank\"><img decoding=\"async\" src=\"http:\/\/www.comiteactionpalestine.org\/word\/wp-content\/plugins\/pdf-print\/images\/pdf.png\" alt=\"image_pdf\" title=\"Afficher le PDF\" \/><\/a><a href=\"http:\/\/www.comiteactionpalestine.org\/word\/wp-json\/wp\/v2\/pages\/27?print=print\" class=\"pdfprnt-button pdfprnt-button-print\" target=\"_blank\"><img decoding=\"async\" src=\"http:\/\/www.comiteactionpalestine.org\/word\/wp-content\/plugins\/pdf-print\/images\/print.png\" alt=\"image_print\" title=\"Contenu imprim\u00e9\" \/><\/a><\/div><p style=\"text-align: center;\"><strong><span style=\"color: #ff0000;\">COMIT\u00c9<\/span>\u00a0ACTION\u00a0<span style=\"color: #008000;\">PALESTINE<\/span><\/strong><\/p>\n<p style=\"text-align: center;\">BP 30053<\/p>\n<p style=\"text-align: center;\">33015 BORDEAUX<\/p>\n<p style=\"text-align: center;\"><strong><span style=\"color: #3366ff;\"><a href=\"mailto:actionpalestine@hotmail.com\"><span style=\"color: #3366ff;\">actionpalestine@hotmail.com<\/span><\/a><\/span><\/strong><\/p>\n<p style=\"text-align: center;\"><strong><span style=\"color: #3366ff;\"><a href=\"http:\/\/www.comiteactionpalestine.org\"><span style=\"color: #3366ff;\">www.comiteactionpalestine.org<\/span><\/a><\/span><\/strong><\/p>\n<p style=\"text-align: center;\">facebook : capfalestine<\/p>\n<div id=\"cscf\" class=\"cscfBlock\">\n    <div class=\"cscfMessageSent\" style=\"display:none;\">\n\t\t<h3>Message envoy\u00e9<\/h3>\n<p>Merci pour votre message, nous vous r\u00e9pondrons au plus vite. <\/p>    <\/div>\n    <div class=\"cscfMessageNotSent\" style=\"display:none;\">\n\t\t<p>\n    D\u00e9sol\u00e9, un probl\u00e8me est survenu et votre message n&#039;a pu \u00eatre envoy\u00e9<\/p>\n    <\/div>\n    <div class=\"cscfForm\">\n        <p>Merci d&#039;entrer vos informations de contact ci-dessous et nous nous r\u00e9pondrons d\u00e8s que possible<\/p>\n\n        <form role=\"form\" id=\"frmCSCF\" name=\"frmCSCF\" method=\"post\">\n\t\t\t<input type=\"hidden\" id=\"cscf_nonce\" name=\"cscf_nonce\" value=\"bf6ae69ef3\" \/><input type=\"hidden\" name=\"_wp_http_referer\" value=\"\/word\/wp-json\/wp\/v2\/pages\/27\" \/>            <input type=\"hidden\" name=\"post-id\" value=\"27\">\n\n\t\t\t\n            <!-- name -->\n            <div class=\"control-group form-group\">\n                <label for=\"cscf_name\">Nom :<\/label>\n\n\n                <div class=\"\">\n\t\t\t\t\t                    <input class=\"form-control input-xlarge\"\n                           data-rule-required=\"true\"\n                           data-msg-required=\"Entrez votre nom\"\n                           type=\"text\" id=\"cscf_name\" name=\"cscf[name]\"\n                           value=\"\"\n                           placeholder=\"Votre nom\"\n                    \/>\n                <\/div>\n                <span for=\"cscf_name\" class=\"help-inline help-block error\"\n                      style=\"display:none;\">\n\n                                    <\/span>\n            <\/div>\n\n\n            <!--email address-->\n            <div class=\"control-group form-group\">\n                <label for=\"cscf_email\">Adresse e-mail :<\/label>\n\n                <div class=\"\">\n\t\t\t\t\t                    <input class=\"form-control input-xlarge\"\n                           data-rule-required=\"true\"\n                           data-rule-email=\"true\"\n                           data-msg-required=\"Entrez votre adresse e-mail\"\n                           data-msg-email=\"Entrez une adresse e-mail valide\"\n                           type=\"email\" id=\"cscf_email\" name=\"cscf[email]\"\n                           value=\"\"\n                           placeholder=\"Votre adresse e-mail\"\n                    \/>\n                <\/div>\n                <span for=\"cscf_email\" class=\"help-inline help-block error\"\n                      style=\"display:none;\">\n                                    <\/span>\n            <\/div>\n\n\t\t\t                <!--confirm email address -->\n                <div class=\"control-group form-group\">\n                    <label for=\"cscf_confirm-email\">Confirmez l&#039;adresse e-mail :<\/label>\n                    <div class=\"\">\n\t\t\t\t\t\t                        <input class=\"form-control input-xlarge\"\n                               data-rule-required=\"true\"\n                               data-rule-email=\"true\"\n                               data-rule-equalTo=\"#cscf_email\"\n                               data-msg-required=\"Merci d&#039;entrer la m\u00eame adresse e-mail.\"\n                               data-msg-email=\"Entrez une adresse e-mail valide\"\n                               data-msg-equalTo=\"Merci d&#039;entrer la m\u00eame adresse e-mail.\"\n                               type=\"email\" id=\"cscf_confirm-email\" name=\"cscf[confirm-email]\"\n                               value=\"\"\n                               placeholder=\"Confirmez votre adresse e-mail\"\n                        \/>\n                    <\/div>\n                    <span for=\"cscf_confirm-email\" class=\"help-inline help-block error\"\n                          style=\"display:none;\">\n                                    <\/span>\n                <\/div>\n\t\t\t\n\t\t\t\n\n            <!-- message -->\n            <div class=\"control-group form-group\">\n                <label for=\"cscf_message\">Message :<\/label>\n                <div class=\"\">\n\t\t\t\t\t                    <textarea class=\"form-control input-xlarge\"\n                              data-rule-required=\"true\"\n                              data-msg-required=\"Merci d&#039;entrer un message\"\n                              id=\"cscf_message\" name=\"cscf[message]\" rows=\"10\"\n                              placeholder=\"Votre message\"><\/textarea>\n                <\/div>\n\n                <span for=\"cscf_message\" class=\"help-inline help-block error\"\n                      style=\"display:none;\">\n                                    <\/span>\n            <\/div>\n\n\t\t\t\n\n\n\t\t\t\n            <!-- recaptcha -->\n\t\t\t            <input type=\"submit\" id=\"cscf_SubmitButton\" class=\"btn btn-default\"\n                   value=\"Envoyer le message\"\/>\n        <\/form>\n    <\/div>\n<\/div>\n\n","protected":false},"excerpt":{"rendered":"<p>COMIT\u00c9\u00a0ACTION\u00a0PALESTINE BP 30053 33015 BORDEAUX actionpalestine@hotmail.com www.comiteactionpalestine.org facebook : capfalestine<\/p>\n","protected":false},"author":1,"featured_media":0,"parent":36,"menu_order":0,"comment_status":"closed","ping_status":"closed","template":"","meta":{"footnotes":""},"class_list":["post-27","page","type-page","status-publish","hentry"],"_links":{"self":[{"href":"http:\/\/www.comiteactionpalestine.org\/word\/wp-json\/wp\/v2\/pages\/27","targetHints":{"allow":["GET"]}}],"collection":[{"href":"http:\/\/www.comiteactionpalestine.org\/word\/wp-json\/wp\/v2\/pages"}],"about":[{"href":"http:\/\/www.comiteactionpalestine.org\/word\/wp-json\/wp\/v2\/types\/page"}],"author":[{"embeddable":true,"href":"http:\/\/www.comiteactionpalestine.org\/word\/wp-json\/wp\/v2\/users\/1"}],"replies":[{"embeddable":true,"href":"http:\/\/www.comiteactionpalestine.org\/word\/wp-json\/wp\/v2\/comments?post=27"}],"version-history":[{"count":3,"href":"http:\/\/www.comiteactionpalestine.org\/word\/wp-json\/wp\/v2\/pages\/27\/revisions"}],"predecessor-version":[{"id":4055,"href":"http:\/\/www.comiteactionpalestine.org\/word\/wp-json\/wp\/v2\/pages\/27\/revisions\/4055"}],"up":[{"embeddable":true,"href":"http:\/\/www.comiteactionpalestine.org\/word\/wp-json\/wp\/v2\/pages\/36"}],"wp:attachment":[{"href":"http:\/\/www.comiteactionpalestine.org\/word\/wp-json\/wp\/v2\/media?parent=27"}],"curies":[{"name":"wp","href":"https:\/\/api.w.org\/{rel}","templated":true}]}}